{"id":335,"date":"2013-02-12T13:44:04","date_gmt":"2013-02-12T12:44:04","guid":{"rendered":"http:\/\/www.buitensportinstructeur.nl\/buitensportinstructeur\/?page_id=335"},"modified":"2013-02-12T13:44:04","modified_gmt":"2013-02-12T12:44:04","slug":"categorieen-van-de-bpv","status":"publish","type":"page","link":"https:\/\/www.buitensportinstructeur.nl\/buitensportinstructeur\/?page_id=335","title":{"rendered":"Categorie\u00ebn van de BPV"},"content":{"rendered":"<p>De buitensportopleiding heeft de stage onderverdeelt in 4 categorie\u00ebn. Elke student moet tijdens zijn opleiding in minimaal 3 categorie\u00ebn stage lopen, waarvan 1 categorie de hoofdstage is (hier worden de niveau 4 opdrachten uitgevoerd).<\/p>\n<p><a href=\"http:\/\/www.buitensportinstructeur.nl\/buitensportinstructeur\/wp-content\/uploads\/b-17.jpg\"><img decoding=\"async\" loading=\"lazy\" class=\"alignnone  wp-image-283\" alt=\"b (17)\" src=\"http:\/\/www.buitensportinstructeur.nl\/buitensportinstructeur\/wp-content\/uploads\/b-17-600x395.jpg\" width=\"420\" height=\"277\" srcset=\"https:\/\/www.buitensportinstructeur.nl\/buitensportinstructeur\/wp-content\/uploads\/b-17-600x395.jpg 600w, https:\/\/www.buitensportinstructeur.nl\/buitensportinstructeur\/wp-content\/uploads\/b-17.jpg 640w\" sizes=\"(max-width: 420px) 100vw, 420px\" \/><\/a><\/p>\n<p><strong>Categorie 1 Sportieve buitensport recreatie<\/strong><\/p>\n<p>Organisaties waarvan het activiteitenaanbod voor meer dan 60 procent vallen binnen de categorie \u2018low risk\u2019. Voor het begeleiden van deze buitensportactiviteiten is basale kennis en vaardigheid vereist. Kenmerkend aan deze activiteitengroep is:<\/p>\n<p><em>&#8211; buitensportactiviteiten waarbij de kans op lichamelijk letsel als low<\/em><br \/>\n<em>&#8211; kan worden aangeduid (vb: schaafplekken, botbreuk-, verstuiking-, kneuzing :van de :extremiteiten)<\/em><br \/>\n<em>&#8211; buitensportactiviteiten met een lage (low) instapdrempel (geen beroep doen op)<\/em><br \/>\n<em>&#8211; basisangsten van de deelnemers zoals hoogte, nauwe ruimtes, onzekere afloop)<\/em><br \/>\n<em>&#8211; eenvoudige en gestandaardiseerde uitvoering<\/em><br \/>\n<em>&#8211; basale technische knowhow van de activiteiten<\/em><br \/>\n<em>&#8211; buitensportactiviteiten vinden plaats op goed bereikbare locaties<\/em><br \/>\n<em>&#8211; buitensportactiviteiten zijn door de betreffende organisatie als low risk aangemerkt<\/em><\/p>\n<p>Voorbeelden: paintball, handboogschieten, womt-A activiteiten, vlakwaterkajakken, etc.<\/p>\n<p><strong>Categorie 2 Recreatieve buitensport<\/strong><\/p>\n<p>Organisaties waarvan het activiteitenaanbod voor meer dan 60 procent vallen binnen de categorie \u2018Medium risk\u2019. Voor het begeleiden van deze buitensportactiviteiten is technische kennis en vaardigheid vereist. Kenmerkend aan deze activiteitengroep is:<\/p>\n<p><em>&#8211; buitensportactiviteiten waarbij de kans op lichamelijk letsel als medium<\/em><br \/>\n<em>&#8211; kan worden aangeduid (geen levensbedreigende situaties)<\/em><br \/>\n<em>&#8211; buitensportactiviteiten met een beperkte (medium) instapdrempel<\/em><br \/>\n<em>&#8211; technische knowhow van de activiteiten vereist<\/em><br \/>\n<em>&#8211; buitensportactiviteiten vinden plaats op moeilijk maar met voertuig toegankelijke locaties<\/em><br \/>\n<em>&#8211; buitensportactiviteiten zijn door de betreffende organisatie als medium risk aangemerkt<\/em><\/p>\n<p>Voorbeelden: top rope sportklimmen, abseil \/ toggle activiteiten, ATB-fietsen, etc.<\/p>\n<p><strong>Categorie 3 Sportieve buitensport<\/strong><\/p>\n<p>Organisaties waarvan het activiteitenaanbod voor meer dan 60 procent vallen binnen de categorie \u2018High risk\u2019. Voor het begeleiden van deze buitensportactiviteiten zijn specialistische technische kennis en vaardigheden vereist. Kenmerkend aan deze activiteitengroep is:<\/p>\n<p>&#8211; buitensportactiviteiten waarbij de kans op lichamelijk letsel als high<br \/>\n&#8211; kan worden aangeduid (ontstaan van levensbedreigende situaties)<br \/>\n&#8211; buitensportactiviteiten met een hoge (high) instapdrempel<br \/>\n&#8211; technisch, specialistische knowhow van de activiteiten vereist<br \/>\n&#8211; buitensportactiviteiten vinden plaats op slecht tot niet (met voertuig) toegankelijke locaties<br \/>\n&#8211; buitensportactiviteiten zijn door de betreffende organisatie als high risk aangemerkt<\/p>\n<p>Voorbeelden: wildwaterkajakken &amp; -raften, canyoning, speleologie, via ferrata, etc.<\/p>\n<p><strong>Categorie 4 Indoor Outdoor<\/strong><\/p>\n<p>Organisaties waarvan het activiteitenaanbod voor meer dan 70 procent op een artificieel object \/ locatie plaatsvindt. Hierbij kan men denken aan de volgende buitensportactiviteiten:<\/p>\n<p><em>&#8211; indoor klimmen (klimhal)<\/em><br \/>\n<em>&#8211; wildwaterbaan (raften, tubing, hydrospeed)<\/em><br \/>\n<em>&#8211; indoor challenge (highropes etc.)<\/em><br \/>\n<em>&#8211; Indoor ijsklimmen<\/em><br \/>\n<em>&#8211; Indoor paintbal<\/em><\/p>\n<p>&nbsp;<\/p>\n","protected":false},"excerpt":{"rendered":"<p>De buitensportopleiding heeft de stage onderverdeelt in 4 categorie\u00ebn. Elke student moet tijdens zijn opleiding in minimaal 3 categorie\u00ebn stage lopen, waarvan 1 categorie de hoofdstage is (hier worden de niveau 4 opdrachten uitgevoerd). Categorie 1 Sportieve buitensport recreatie Organisaties waarvan het activiteitenaanbod voor meer dan 60 procent vallen binnen de categorie \u2018low risk\u2019. Voor [&hellip;]<\/p>\n","protected":false},"author":1,"featured_media":0,"parent":0,"menu_order":0,"comment_status":"open","ping_status":"open","template":"page-FullWidth.php","meta":[],"_links":{"self":[{"href":"https:\/\/www.buitensportinstructeur.nl\/buitensportinstructeur\/index.php?rest_route=\/wp\/v2\/pages\/335"}],"collection":[{"href":"https:\/\/www.buitensportinstructeur.nl\/buitensportinstructeur\/index.php?rest_route=\/wp\/v2\/pages"}],"about":[{"href":"https:\/\/www.buitensportinstructeur.nl\/buitensportinstructeur\/index.php?rest_route=\/wp\/v2\/types\/page"}],"author":[{"embeddable":true,"href":"https:\/\/www.buitensportinstructeur.nl\/buitensportinstructeur\/index.php?rest_route=\/wp\/v2\/users\/1"}],"replies":[{"embeddable":true,"href":"https:\/\/www.buitensportinstructeur.nl\/buitensportinstructeur\/index.php?rest_route=%2Fwp%2Fv2%2Fcomments&post=335"}],"version-history":[{"count":2,"href":"https:\/\/www.buitensportinstructeur.nl\/buitensportinstructeur\/index.php?rest_route=\/wp\/v2\/pages\/335\/revisions"}],"predecessor-version":[{"id":3440,"href":"https:\/\/www.buitensportinstructeur.nl\/buitensportinstructeur\/index.php?rest_route=\/wp\/v2\/pages\/335\/revisions\/3440"}],"wp:attachment":[{"href":"https:\/\/www.buitensportinstructeur.nl\/buitensportinstructeur\/index.php?rest_route=%2Fwp%2Fv2%2Fmedia&parent=335"}],"curies":[{"name":"wp","href":"https:\/\/api.w.org\/{rel}","templated":true}]}}